{"id":610,"date":"2024-02-13T13:10:35","date_gmt":"2024-02-13T13:10:35","guid":{"rendered":"http:\/\/greenloerrach.de\/?page_id=610"},"modified":"2024-02-27T10:51:51","modified_gmt":"2024-02-27T10:51:51","slug":"impressum-2","status":"publish","type":"page","link":"https:\/\/greenloerrach.de\/en\/impressum-2","title":{"rendered":"Impressum"},"content":{"rendered":"<p><strong>Website<\/strong><\/p>\n\n\n\n<p>Dieses Impressum gilt f\u00fcr alle Angebote unter der Domain http:\/\/greenloerrach.de inklusive aller Subdomains (Unterseiten).<\/p>\n\n\n\n<p><strong>Angaben gem\u00e4\u00df \u00a7 5 TMG<\/strong><\/p>\n\n\n\n<p>Greenhomerooms GbR &#8211; Sascha und Marc M\u00fcller<br>Dammstra\u00dfe 12<br>79539 L\u00f6rrach<br>Telefon: + 49 152 54518041<br>E-Mail: info@greenloerrach.de<br>Kontakt: http:\/\/greenloerrach.de\/kontakt<\/p>\n\n\n\n<p><strong>Umsatzsteuer-Identifikationsnummer<\/strong><\/p>\n\n\n\n<p>11008\/20036<\/p>\n\n\n\n<p><strong>Vertretungsberechtigte Personen<\/strong><\/p>\n\n\n\n<p>Sascha M\u00fcller, Gesch\u00e4ftsf\u00fchrer<br>Marc M\u00fcller, Gesch\u00e4ftsf\u00fchrer<\/p>\n\n\n\n<p><strong>Zust\u00e4ndige Aufsichtsbeh\u00f6rde<\/strong><\/p>\n\n\n\n<p>&nbsp;<br>____________________________<br>____________________________ ____________________________<br>Telefon: ____________________________<br>Fax: ____________________________<br>E-Mail: ____________________________<\/p>\n\n\n\n<p><strong>Haftung f\u00fcr Inhalte unserer Website<\/strong><\/p>\n\n\n\n<p>Alle Inhalte unserer Website wurden mit bestem Wissen und gr\u00f6\u00dfter Sorgfalt erstellt. Wir k\u00f6nnen jedoch keine Garantie f\u00fcr die Richtigkeit, Vollst\u00e4ndigkeit und Aktualit\u00e4t der Inhalte \u00fcbernehmen.<br><br>Soweit unsere Website Links zu externen Websites Dritter enth\u00e4lt, haben wir keinerlei Einfluss auf den Inhalt dieser direkt oder indirekt verlinkten Websites. Daher k\u00f6nnen wir keine Gew\u00e4hr f\u00fcr die Richtigkeit der Inhalte externer Links \u00fcbernehmen.<br><br>Diese Haftungsausschl\u00fcsse gelten auch f\u00fcr Verweise und Links, die von Fragestellern, Bloggern oder G\u00e4sten in Diskussionsforen auf unserer Internetseite platziert werden. F\u00fcr rechtswidrige, fehlerhafte oder unvollst\u00e4ndige Inhalte und insbesondere f\u00fcr Sch\u00e4den, die aus der Nutzung oder Nichtnutzung solcher Informationen entstehen, haftet allein der Anbieter der verlinkten Webseite und nicht die Person, die auf die entsprechende Ver\u00f6ffentlichung lediglich verweist (gem\u00e4\u00df \u00a7 7 Abs.1 TMG). Wir sind gem\u00e4\u00df \u00a7\u00a7 8 bis 10 TMG jedoch nicht verpflichtet, \u00fcbermittelte oder gespeicherte fremde Informationen zu \u00fcberwachen oder nach Umst\u00e4nden zu forschen, die auf eine rechtswidrige T\u00e4tigkeit hinweisen. Die Verpflichtung zur Entfernung oder Sperrung der Informationen nach den allgemeinen Gesetzen bleibt hiervon unber\u00fchrt. Eine diesbez\u00fcgliche Haftung ist jedoch erst ab dem Zeitpunkt der Kenntnis einer konkreten Rechtsverletzung m\u00f6glich. Bei Bekanntwerden von entsprechenden Rechtsverletzungen werden wir diese Inhalte umgehend entfernen.<\/p>\n\n\n\n<p><strong>Bildernachweis<\/strong><\/p>\n\n\n\n<p>Die Bilder, Fotos und Grafiken auf dieser Website sind urheberrechtliche gesch\u00fctzt.<br><br>Die Bilderrechte liegen bei:\u00a0<br>Das dritte Bild auf der Seite &#8220;Weil am Rhein&#8221; von: Foto von Chris Boese auf Unsplash<br>Das vierte Bild auf der Seite &#8220;Weil am Rhein&#8221; von: Foto von Unsplash<br>Das dritte Bild auf der Seite &#8220;L\u00f6rrach&#8221; von: Foto von Chris Boese auf Unsplash<br>Das dritte Bild auf der Seite &#8220;Gastronomie&#8221; von: Foto von\u00a0<a href=\"https:\/\/unsplash.com\/de\/@gonzaloremy?utm_content=creditCopyText&amp;utm_medium=referral&amp;utm_source=unsplash\">Gonzalo Remy<\/a>\u00a0auf\u00a0<a href=\"https:\/\/unsplash.com\/de\/fotos\/person-mit-trinkglas-JCIJnIXv7SE?utm_content=creditCopyText&amp;utm_medium=referral&amp;utm_source=unsplash\">Unsplash<\/a><\/p>\n\n\n\n<p><strong>G\u00fcltigkeit<\/strong><\/p>\n\n\n\n<p>Dieses Impressum gilt ab dem 13. Februar 2024.<\/p>\n\n\n\n<p>\u00a92002-2024 RECHTSDOKUMENTE (Sequiter Inc.)<\/p>","protected":false},"excerpt":{"rendered":"<p>Website Dieses Impressum gilt f\u00fcr alle Angebote unter der Domain http:\/\/greenloerrach.de inklusive aller Subdomains (Unterseiten). Angaben gem\u00e4\u00df \u00a7 5 TMG Greenhomerooms GbR &#8211; Sascha und Marc M\u00fcllerDammstra\u00dfe 1279539 L\u00f6rrachTelefon: + 49 152 54518041E-Mail: info@greenloerrach.deKontakt: http:\/\/greenloerrach.de\/kontakt Umsatzsteuer-Identifikationsnummer 11008\/20036 Vertretungsberechtigte Personen Sascha M\u00fcller, Gesch\u00e4ftsf\u00fchrerMarc M\u00fcller, Gesch\u00e4ftsf\u00fchrer Zust\u00e4ndige Aufsichtsbeh\u00f6rde &nbsp;________________________________________________________ ____________________________Telefon: ____________________________Fax: ____________________________E-Mail: ____________________________ Haftung f\u00fcr Inhalte unserer [&hellip;]<\/p>","protected":false},"author":1,"featured_media":0,"parent":0,"menu_order":0,"comment_status":"closed","ping_status":"closed","template":"","meta":{"saved_in_kubio":true,"footnotes":""},"class_list":["post-610","page","type-page","status-publish","hentry"],"kubio_ai_page_context":{"short_desc":"","purpose":"general"},"_links":{"self":[{"href":"https:\/\/greenloerrach.de\/en\/wp-json\/wp\/v2\/pages\/610","targetHints":{"allow":["GET"]}}],"collection":[{"href":"https:\/\/greenloerrach.de\/en\/wp-json\/wp\/v2\/pages"}],"about":[{"href":"https:\/\/greenloerrach.de\/en\/wp-json\/wp\/v2\/types\/page"}],"author":[{"embeddable":true,"href":"https:\/\/greenloerrach.de\/en\/wp-json\/wp\/v2\/users\/1"}],"replies":[{"embeddable":true,"href":"https:\/\/greenloerrach.de\/en\/wp-json\/wp\/v2\/comments?post=610"}],"version-history":[{"count":2,"href":"https:\/\/greenloerrach.de\/en\/wp-json\/wp\/v2\/pages\/610\/revisions"}],"predecessor-version":[{"id":738,"href":"https:\/\/greenloerrach.de\/en\/wp-json\/wp\/v2\/pages\/610\/revisions\/738"}],"wp:attachment":[{"href":"https:\/\/greenloerrach.de\/en\/wp-json\/wp\/v2\/media?parent=610"}],"curies":[{"name":"wp","href":"https:\/\/api.w.org\/{rel}","templated":true}]}}